{"id":35,"date":"2020-07-30T01:04:14","date_gmt":"2020-07-30T01:04:14","guid":{"rendered":"https:\/\/fs21.com.br\/futsalseculo21\/?page_id=35"},"modified":"2025-07-17T23:07:05","modified_gmt":"2025-07-17T23:07:05","slug":"fs21","status":"publish","type":"page","link":"https:\/\/fs21.com.br\/futsalseculo21\/fs21\/","title":{"rendered":"FS21"},"content":{"rendered":"\t\t<div data-elementor-type=\"wp-page\" data-elementor-id=\"35\" class=\"elementor elementor-35\">\n\t\t\t\t\t\t<section class=\"elementor-section elementor-top-section elementor-element elementor-element-57a5710 elementor-section-boxed elementor-section-height-default elementor-section-height-default\" data-id=\"57a5710\" data-element_type=\"section\">\n\t\t\t\t\t\t<div class=\"elementor-container elementor-column-gap-default\">\n\t\t\t\t\t<div class=\"elementor-column elementor-col-100 elementor-top-column elementor-element elementor-element-3e3a954\" data-id=\"3e3a954\" data-element_type=\"column\">\n\t\t\t<div class=\"elementor-widget-wrap elementor-element-populated\">\n\t\t\t\t\t\t<div class=\"elementor-element elementor-element-51d566b elementor-widget elementor-widget-heading\" data-id=\"51d566b\" data-element_type=\"widget\" data-widget_type=\"heading.default\">\n\t\t\t\t<div class=\"elementor-widget-container\">\n\t\t\t\t\t<h2 class=\"elementor-heading-title elementor-size-default\">FS21 Educa\u00e7\u00e3o F\u00edsica &amp; Esporte: Uma hist\u00f3ria que nasce no Futsal e segue transformando o esporte<\/h2>\t\t\t\t<\/div>\n\t\t\t\t<\/div>\n\t\t\t\t\t<\/div>\n\t\t<\/div>\n\t\t\t\t\t<\/div>\n\t\t<\/section>\n\t\t\t\t<section class=\"elementor-section elementor-top-section elementor-element elementor-element-0f2762d elementor-section-boxed elementor-section-height-default elementor-section-height-default\" data-id=\"0f2762d\" data-element_type=\"section\">\n\t\t\t\t\t\t<div class=\"elementor-container elementor-column-gap-default\">\n\t\t\t\t\t<div class=\"elementor-column elementor-col-100 elementor-top-column elementor-element elementor-element-de13810\" data-id=\"de13810\" data-element_type=\"column\">\n\t\t\t<div class=\"elementor-widget-wrap elementor-element-populated\">\n\t\t\t\t\t\t<div class=\"elementor-element elementor-element-02e8890 elementor-widget elementor-widget-text-editor\" data-id=\"02e8890\" data-element_type=\"widget\" data-widget_type=\"text-editor.default\">\n\t\t\t\t<div class=\"elementor-widget-container\">\n\t\t\t\t\t\t\t\t\t<p data-start=\"248\" data-end=\"613\">A <strong data-start=\"250\" data-end=\"284\">FS21 Educa\u00e7\u00e3o F\u00edsica &amp; Esporte<\/strong> foi oficialmente criada em 2003, mas sua trajet\u00f3ria come\u00e7ou antes disso, com o Futsal como principal motor de inspira\u00e7\u00e3o. A modalidade foi o ponto de partida para a consolida\u00e7\u00e3o de um projeto que, ao longo dos anos, ampliou suas fronteiras e se tornou refer\u00eancia em educa\u00e7\u00e3o esportiva, forma\u00e7\u00e3o de atletas e promo\u00e7\u00e3o de valores.<\/p>\n<p data-start=\"615\" data-end=\"964\">O sucesso inicial com o Futsal impulsionou a expans\u00e3o da empresa, que passou a oferecer novos servi\u00e7os e tamb\u00e9m a fortalecer parcerias, promovendo a visibilidade de outras marcas nos jogos e eventos que organizava. Essa conex\u00e3o com o universo esportivo gerou oportunidades, inspirou projetos e ajudou a construir hist\u00f3rias dentro e fora das quadras.<\/p>\t\t\t\t\t\t\t\t<\/div>\n\t\t\t\t<\/div>\n\t\t\t\t\t<\/div>\n\t\t<\/div>\n\t\t\t\t\t<\/div>\n\t\t<\/section>\n\t\t\t\t<section class=\"elementor-section elementor-top-section elementor-element elementor-element-f129c0c elementor-section-boxed elementor-section-height-default elementor-section-height-default\" data-id=\"f129c0c\" data-element_type=\"section\">\n\t\t\t\t\t\t<div class=\"elementor-container elementor-column-gap-default\">\n\t\t\t\t\t<div class=\"elementor-column elementor-col-100 elementor-top-column elementor-element elementor-element-be06d6a\" data-id=\"be06d6a\" data-element_type=\"column\">\n\t\t\t<div class=\"elementor-widget-wrap elementor-element-populated\">\n\t\t\t\t\t\t<div class=\"elementor-element elementor-element-81b4ae7 elementor-widget elementor-widget-text-editor\" data-id=\"81b4ae7\" data-element_type=\"widget\" data-widget_type=\"text-editor.default\">\n\t\t\t\t<div class=\"elementor-widget-container\">\n\t\t\t\t\t\t\t\t\t<p>\u00c0 frente da FS21, o professor <strong data-start=\"996\" data-end=\"1012\">Andr\u00e9 Ara\u00fajo<\/strong> deu forma \u00e0 ideia que nasceu na pr\u00e1tica e foi se consolidando com o tempo, especialmente na internet. Depois de anos de estudos, experi\u00eancias e pesquisas, ele lan\u00e7ou um site inovador voltado ao Futsal \u2014 um esporte com enorme potencial, mas que ainda carece de espa\u00e7o na m\u00eddia e de investimentos p\u00fablicos adequados.<\/p>\t\t\t\t\t\t\t\t<\/div>\n\t\t\t\t<\/div>\n\t\t\t\t\t<\/div>\n\t\t<\/div>\n\t\t\t\t\t<\/div>\n\t\t<\/section>\n\t\t\t\t<section class=\"elementor-section elementor-top-section elementor-element elementor-element-fc6c3ff elementor-section-boxed elementor-section-height-default elementor-section-height-default\" data-id=\"fc6c3ff\" data-element_type=\"section\">\n\t\t\t\t\t\t<div class=\"elementor-container elementor-column-gap-default\">\n\t\t\t\t\t<div class=\"elementor-column elementor-col-100 elementor-top-column elementor-element elementor-element-be05982\" data-id=\"be05982\" data-element_type=\"column\">\n\t\t\t<div class=\"elementor-widget-wrap elementor-element-populated\">\n\t\t\t\t\t\t<div class=\"elementor-element elementor-element-54933a8 elementor-widget elementor-widget-text-editor\" data-id=\"54933a8\" data-element_type=\"widget\" data-widget_type=\"text-editor.default\">\n\t\t\t\t<div class=\"elementor-widget-container\">\n\t\t\t\t\t\t\t\t\t<p data-start=\"1329\" data-end=\"1693\">Desde o in\u00edcio, a FS21 tamb\u00e9m acreditou no protagonismo feminino no esporte. O <strong data-start=\"1408\" data-end=\"1427\">Futsal Feminino<\/strong>, que hoje se consolida como uma realidade vibrante, sempre fez parte da nossa pauta. Diversas atletas j\u00e1 vestiram a camisa da FS21, ajudando a combater preconceitos e fortalecer a presen\u00e7a das mulheres dentro das quadras, com respeito, talento e representatividade.<\/p>\n<p data-start=\"1695\" data-end=\"1966\">Agora, em um novo momento da sua hist\u00f3ria, a FS21 entra em uma fase ainda mais conectada. Cada \u00e1rea da empresa conta com <strong data-start=\"1816\" data-end=\"1838\">portais exclusivos<\/strong>, oferecendo uma navega\u00e7\u00e3o mais pr\u00e1tica e um relacionamento mais pr\u00f3ximo com f\u00e3s, atletas, treinadores e entusiastas do esporte.<\/p>\t\t\t\t\t\t\t\t<\/div>\n\t\t\t\t<\/div>\n\t\t\t\t\t<\/div>\n\t\t<\/div>\n\t\t\t\t\t<\/div>\n\t\t<\/section>\n\t\t\t\t<section class=\"elementor-section elementor-top-section elementor-element elementor-element-a553fb1 elementor-section-boxed elementor-section-height-default elementor-section-height-default\" data-id=\"a553fb1\" data-element_type=\"section\">\n\t\t\t\t\t\t<div class=\"elementor-container elementor-column-gap-default\">\n\t\t\t\t\t<div class=\"elementor-column elementor-col-100 elementor-top-column elementor-element elementor-element-a53e27f\" data-id=\"a53e27f\" data-element_type=\"column\">\n\t\t\t<div class=\"elementor-widget-wrap elementor-element-populated\">\n\t\t\t\t\t\t<div class=\"elementor-element elementor-element-94d6cb3 elementor-widget elementor-widget-text-editor\" data-id=\"94d6cb3\" data-element_type=\"widget\" data-widget_type=\"text-editor.default\">\n\t\t\t\t<div class=\"elementor-widget-container\">\n\t\t\t\t\t\t\t\t\t<p data-start=\"1968\" data-end=\"2014\">No <strong data-start=\"1971\" data-end=\"1998\">site dedicado ao Futsal<\/strong>, voc\u00ea encontra:<\/p>\n<ul data-start=\"2015\" data-end=\"2208\">\n<li data-start=\"2015\" data-end=\"2046\">\n<p data-start=\"2017\" data-end=\"2046\">Nossos projetos em andamento;<\/p>\n<\/li>\n<li data-start=\"2047\" data-end=\"2087\">\n<p data-start=\"2049\" data-end=\"2087\">E-books, cursos e materiais did\u00e1ticos;<\/p>\n<\/li>\n<li data-start=\"2088\" data-end=\"2208\">\n<p data-start=\"2090\" data-end=\"2208\">Artigos sobre o Futsal no Brasil e no mundo<\/p>\n<\/li>\n<\/ul>\n<p data-start=\"2210\" data-end=\"2338\">E para n\u00e3o perder nenhuma novidade, <strong data-start=\"2246\" data-end=\"2338\">basta preencher o formul\u00e1rio abaixo e receber conte\u00fados exclusivos direto no seu e-mail!<\/strong><\/p>\t\t\t\t\t\t\t\t<\/div>\n\t\t\t\t<\/div>\n\t\t\t\t\t<\/div>\n\t\t<\/div>\n\t\t\t\t\t<\/div>\n\t\t<\/section>\n\t\t\t\t<section class=\"elementor-section elementor-top-section elementor-element elementor-element-6dfd88e elementor-section-boxed elementor-section-height-default elementor-section-height-default\" data-id=\"6dfd88e\" data-element_type=\"section\">\n\t\t\t\t\t\t<div class=\"elementor-container elementor-column-gap-default\">\n\t\t\t\t\t<div class=\"elementor-column elementor-col-100 elementor-top-column elementor-element elementor-element-d4ae101\" data-id=\"d4ae101\" data-element_type=\"column\">\n\t\t\t<div class=\"elementor-widget-wrap elementor-element-populated\">\n\t\t\t\t\t\t<div class=\"elementor-element elementor-element-0e1202c elementor-widget elementor-widget-html\" data-id=\"0e1202c\" data-element_type=\"widget\" data-widget_type=\"html.default\">\n\t\t\t\t<div class=\"elementor-widget-container\">\n\t\t\t\t\t<style><\/style><script src=\"\/\/send.hotmart.com\/static\/js\/recaptcha.min.js\"><\/script>\r\n  <form klicksend-form-id='GLumyeB' autocomplete='off'  method=\"post\" action=\"\/\/handler.send.hotmart.com\/subscription\/GLumyeB\">\r\n      <input type=\"email\" autocomplete=\"off\" name=\"email\" id=\"email\" placeholder=\"Email\" value=\"\" required>\r\n  <input type=\"text\" autocomplete=\"off\" name=\"first_name\" id=\"first_name\" placeholder=\"Primeiro Nome\" value=\"\" >\r\n  <input type=\"text\" autocomplete=\"off\" name=\"phone\" id=\"phone\" placeholder=\"Whatsapp\" value=\"\" >\r\n<div klicksend-gdpr-text style=\"font-size: 10px; color: #86919a; margin-bottom: 5px; text-align: left;\"><p> Esses dados ser\u00e3o utilizados para entrarmos em contato com voc\u00ea e disponibilizarmos mais conte\u00fados e ofertas. Caso voc\u00ea n\u00e3o queira mais receber os nosso emails, cada email que voc\u00ea receber, incluir\u00e1 ao final, um link que poder\u00e1 ser usado para remover o seu email da nossa lista de distribui\u00e7\u00e3o. <\/p><p> Para mais informa\u00e7\u00f5es, acesse:<a href=\"https:\/\/hotmart.com\/pt-br\/legal\/privacidade-de-dados\/\" target=\"_blank\" rel=\"noopener\">https:\/\/hotmart.com\/pt-br\/legal\/privacidade-de-dados\/<\/a> <\/p> <\/div><div style='width: 100%; display: flex'>  <input type=\"checkbox\" autocomplete=\"off\" name=\"gdpr\" id=\"gdpr\" placeholder=\"Concordo em receber os e-mails\" value=\"Concordo em receber os e-mails\" required> <label for=\"gdpr\"> Concordo em receber os e-mails <\/label><\/div>\r\n    <div style=\"position: absolute; left: -5000px;\" aria-hidden=\"true\">\r\n    <input type=\"text\" autocomplete='new-password' name=\"b_GLumyeB\" tabindex=\"-1\" value=\"\">\r\n  <\/div>\r\n    <button klicksend-form-submit-id='GLumyeB' class=\"g-recaptcha\">Enviar<\/button>\r\n    <script>\r\n    var pageParams = new URLSearchParams(window.location.search);\r\n    var form = document.querySelector('form[klicksend-form-id=\"GLumyeB\"]');\r\n    var formActionUrl = new URL(form.action);\r\n    var formActionSearchParams = formActionUrl.searchParams.size > 0 ? formActionUrl.searchParams.toString() + '&' : '';\r\n    var combinedParams = formActionSearchParams + pageParams.toString();\r\n\r\n    form.action = formActionUrl.origin + formActionUrl.pathname + '?' + combinedParams;\r\n  <\/script>\r\n  <\/form>\t\t\t\t<\/div>\n\t\t\t\t<\/div>\n\t\t\t\t\t<\/div>\n\t\t<\/div>\n\t\t\t\t\t<\/div>\n\t\t<\/section>\n\t\t\t\t<\/div>\n\t\t","protected":false},"excerpt":{"rendered":"<p>FS21 Educa\u00e7\u00e3o F\u00edsica &amp; Esporte: Uma hist\u00f3ria que nasce no Futsal e segue transformando o esporte A FS21 Educa\u00e7\u00e3o F\u00edsica &amp; Esporte foi oficialmente criada em 2003, mas sua trajet\u00f3ria &#8230;<\/p>\n","protected":false},"author":1,"featured_media":0,"parent":0,"menu_order":0,"comment_status":"closed","ping_status":"closed","template":"","meta":{"content-type":"","_monsterinsights_skip_tracking":false,"_monsterinsights_sitenote_active":false,"_monsterinsights_sitenote_note":"","_monsterinsights_sitenote_category":0,"footnotes":""},"class_list":["post-35","page","type-page","status-publish","hentry"],"jetpack_sharing_enabled":true,"_links":{"self":[{"href":"https:\/\/fs21.com.br\/futsalseculo21\/wp-json\/wp\/v2\/pages\/35","targetHints":{"allow":["GET"]}}],"collection":[{"href":"https:\/\/fs21.com.br\/futsalseculo21\/wp-json\/wp\/v2\/pages"}],"about":[{"href":"https:\/\/fs21.com.br\/futsalseculo21\/wp-json\/wp\/v2\/types\/page"}],"author":[{"embeddable":true,"href":"https:\/\/fs21.com.br\/futsalseculo21\/wp-json\/wp\/v2\/users\/1"}],"replies":[{"embeddable":true,"href":"https:\/\/fs21.com.br\/futsalseculo21\/wp-json\/wp\/v2\/comments?post=35"}],"version-history":[{"count":16,"href":"https:\/\/fs21.com.br\/futsalseculo21\/wp-json\/wp\/v2\/pages\/35\/revisions"}],"predecessor-version":[{"id":1631,"href":"https:\/\/fs21.com.br\/futsalseculo21\/wp-json\/wp\/v2\/pages\/35\/revisions\/1631"}],"wp:attachment":[{"href":"https:\/\/fs21.com.br\/futsalseculo21\/wp-json\/wp\/v2\/media?parent=35"}],"curies":[{"name":"wp","href":"https:\/\/api.w.org\/{rel}","templated":true}]}}