{"id":36,"date":"2020-07-30T01:04:14","date_gmt":"2020-07-30T01:04:14","guid":{"rendered":"https:\/\/fs21.com.br\/futsalseculo21\/?page_id=36"},"modified":"2025-07-18T00:14:22","modified_gmt":"2025-07-18T00:14:22","slug":"curso-online","status":"publish","type":"page","link":"https:\/\/fs21.com.br\/futsalseculo21\/curso-online\/","title":{"rendered":"Curso Online"},"content":{"rendered":"\t\t<div data-elementor-type=\"wp-page\" data-elementor-id=\"36\" class=\"elementor elementor-36\">\n\t\t\t\t\t\t<section class=\"elementor-section elementor-top-section elementor-element elementor-element-dec0f69 elementor-section-boxed elementor-section-height-default elementor-section-height-default\" data-id=\"dec0f69\" data-element_type=\"section\">\n\t\t\t\t\t\t<div class=\"elementor-container elementor-column-gap-default\">\n\t\t\t\t\t<div class=\"elementor-column elementor-col-100 elementor-top-column elementor-element elementor-element-d8291a4\" data-id=\"d8291a4\" data-element_type=\"column\">\n\t\t\t<div class=\"elementor-widget-wrap elementor-element-populated\">\n\t\t\t\t\t\t<div class=\"elementor-element elementor-element-ea2e33a elementor-widget elementor-widget-heading\" data-id=\"ea2e33a\" data-element_type=\"widget\" data-widget_type=\"heading.default\">\n\t\t\t\t<div class=\"elementor-widget-container\">\n\t\t\t\t\t<h2 class=\"elementor-heading-title elementor-size-default\">Forma\u00e7\u00e3o de Excel\u00eancia em Treinamento de Futsal<\/h2>\t\t\t\t<\/div>\n\t\t\t\t<\/div>\n\t\t\t\t\t<\/div>\n\t\t<\/div>\n\t\t\t\t\t<\/div>\n\t\t<\/section>\n\t\t\t\t<section class=\"elementor-section elementor-top-section elementor-element elementor-element-ce3ef02 elementor-section-boxed elementor-section-height-default elementor-section-height-default\" data-id=\"ce3ef02\" data-element_type=\"section\">\n\t\t\t\t\t\t<div class=\"elementor-container elementor-column-gap-default\">\n\t\t\t\t\t<div class=\"elementor-column elementor-col-100 elementor-top-column elementor-element elementor-element-86dbc54\" data-id=\"86dbc54\" data-element_type=\"column\">\n\t\t\t<div class=\"elementor-widget-wrap elementor-element-populated\">\n\t\t\t\t\t\t<div class=\"elementor-element elementor-element-bab9a0e elementor-widget elementor-widget-text-editor\" data-id=\"bab9a0e\" data-element_type=\"widget\" data-widget_type=\"text-editor.default\">\n\t\t\t\t<div class=\"elementor-widget-container\">\n\t\t\t\t\t\t\t\t\t<h3 data-start=\"113\" data-end=\"184\"><strong data-start=\"185\" data-end=\"263\" style=\"color: rgb(0, 0, 0); font-family: Verdana, sans-serif;\">Transforme seu conhecimento em resultados e oportunidades reais no Futsal!<\/strong><\/h3>\n<p data-start=\"265\" data-end=\"465\">Se voc\u00ea quer <strong data-start=\"278\" data-end=\"384\">se destacar no mercado esportivo, ganhar dinheiro com o que ama e se tornar um treinador de refer\u00eancia<\/strong>, o curso online <strong data-start=\"401\" data-end=\"452\">Forma\u00e7\u00e3o de Excel\u00eancia em Treinamento de Futsal<\/strong> \u00e9 para voc\u00ea!<\/p>\n<p data-start=\"467\" data-end=\"714\">Com <strong data-start=\"471\" data-end=\"519\">conte\u00fados atualizados, pr\u00e1ticos e exclusivos<\/strong>, esta forma\u00e7\u00e3o foi desenvolvida para treinadores, professores de Educa\u00e7\u00e3o F\u00edsica e aspirantes que desejam atuar com compet\u00eancia e inova\u00e7\u00e3o \u2014 da inicia\u00e7\u00e3o esportiva \u00e0s equipes de alto rendimento.<\/p>\t\t\t\t\t\t\t\t<\/div>\n\t\t\t\t<\/div>\n\t\t\t\t\t<\/div>\n\t\t<\/div>\n\t\t\t\t\t<\/div>\n\t\t<\/section>\n\t\t\t\t<section class=\"elementor-section elementor-top-section elementor-element elementor-element-10465b8 elementor-section-boxed elementor-section-height-default elementor-section-height-default\" data-id=\"10465b8\" data-element_type=\"section\">\n\t\t\t\t\t\t<div class=\"elementor-container elementor-column-gap-default\">\n\t\t\t\t\t<div class=\"elementor-column elementor-col-100 elementor-top-column elementor-element elementor-element-b65d97b\" data-id=\"b65d97b\" data-element_type=\"column\">\n\t\t\t<div class=\"elementor-widget-wrap elementor-element-populated\">\n\t\t\t\t\t\t<div class=\"elementor-element elementor-element-2acb8ef elementor-widget elementor-widget-text-editor\" data-id=\"2acb8ef\" data-element_type=\"widget\" data-widget_type=\"text-editor.default\">\n\t\t\t\t<div class=\"elementor-widget-container\">\n\t\t\t\t\t\t\t\t\t<h4 data-start=\"716\" data-end=\"758\">\ud83c\udf93 O que voc\u00ea vai encontrar no curso:<\/h4>\n<ul data-start=\"759\" data-end=\"1103\">\n<li data-start=\"759\" data-end=\"847\">\n<p data-start=\"761\" data-end=\"847\"><strong data-start=\"761\" data-end=\"792\">M\u00f3dulos te\u00f3ricos e pr\u00e1ticos<\/strong> sobre fundamentos, metodologia, planejamento e gest\u00e3o;<\/p>\n<\/li>\n<li data-start=\"848\" data-end=\"937\">\n<p data-start=\"850\" data-end=\"937\"><strong data-start=\"850\" data-end=\"869\">B\u00f4nus especiais<\/strong> com materiais extras, modelos de treino, e-books e estudos de caso;<\/p>\n<\/li>\n<li data-start=\"938\" data-end=\"1028\">\n<p data-start=\"940\" data-end=\"1028\"><strong data-start=\"940\" data-end=\"962\">Abordagem completa<\/strong>: inicia\u00e7\u00e3o, categorias de base, rendimento e mercado de trabalho;<\/p>\n<\/li>\n<li data-start=\"1029\" data-end=\"1103\">\n<p data-start=\"1031\" data-end=\"1103\"><strong data-start=\"1031\" data-end=\"1059\">Certificado de Conclus\u00e3o<\/strong> reconhecido, para fortalecer seu curr\u00edculo.<\/p>\n<\/li>\n<\/ul>\n<h4 data-start=\"1105\" data-end=\"1136\">\ud83d\udccc Para quem \u00e9 este curso?<\/h4>\n<ul data-start=\"1137\" data-end=\"1371\">\n<li data-start=\"1137\" data-end=\"1187\">\n<p data-start=\"1139\" data-end=\"1187\">Treinadores e aspirantes a treinador de futsal<\/p>\n<\/li>\n<li data-start=\"1188\" data-end=\"1255\">\n<p data-start=\"1190\" data-end=\"1255\">Professores de Educa\u00e7\u00e3o F\u00edsica que atuam com esportes coletivos<\/p>\n<\/li>\n<li data-start=\"1256\" data-end=\"1301\">\n<p data-start=\"1258\" data-end=\"1301\">Gestores de escolas e projetos esportivos<\/p>\n<\/li>\n<li data-start=\"1302\" data-end=\"1371\">\n<p data-start=\"1304\" data-end=\"1371\">Atletas e entusiastas que querem entender o futsal com profundidade<\/p>\n<\/li>\n<\/ul>\n<hr data-start=\"1373\" data-end=\"1376\" \/>\n<p data-start=\"1378\" data-end=\"1514\"><strong data-start=\"1378\" data-end=\"1432\">N\u00e3o espere o futuro acontecer. Construa ele agora.<\/strong><br data-start=\"1432\" data-end=\"1435\" \/>Garanta sua vaga e comece hoje mesmo a sua jornada rumo \u00e0 excel\u00eancia no futsal!<\/p>\n<p data-start=\"1516\" data-end=\"1668\">\ud83d\udd0d <strong data-start=\"1519\" data-end=\"1597\">Pesquisando por Futsal, Treinador ou Atleta? Este curso \u00e9 feito para voc\u00ea.<\/strong><\/p>\t\t\t\t\t\t\t\t<\/div>\n\t\t\t\t<\/div>\n\t\t\t\t\t<\/div>\n\t\t<\/div>\n\t\t\t\t\t<\/div>\n\t\t<\/section>\n\t\t\t\t<section class=\"elementor-section elementor-top-section elementor-element elementor-element-e8e3878 elementor-section-boxed elementor-section-height-default elementor-section-height-default\" data-id=\"e8e3878\" data-element_type=\"section\">\n\t\t\t\t\t\t<div class=\"elementor-container elementor-column-gap-default\">\n\t\t\t\t\t<div class=\"elementor-column elementor-col-100 elementor-top-column elementor-element elementor-element-2f26b8d\" data-id=\"2f26b8d\" data-element_type=\"column\">\n\t\t\t<div class=\"elementor-widget-wrap elementor-element-populated\">\n\t\t\t\t\t\t<div class=\"elementor-element elementor-element-4a17c46 elementor-align-center elementor-widget__width-initial elementor-widget elementor-widget-button\" data-id=\"4a17c46\" data-element_type=\"widget\" data-widget_type=\"button.default\">\n\t\t\t\t<div class=\"elementor-widget-container\">\n\t\t\t\t\t\t\t\t\t<div class=\"elementor-button-wrapper\">\n\t\t\t\t\t<a class=\"elementor-button elementor-button-link elementor-size-sm\" href=\"https:\/\/pay.hotmart.com\/O79198464W\">\n\t\t\t\t\t\t<span class=\"elementor-button-content-wrapper\">\n\t\t\t\t\t\t\t\t\t<span class=\"elementor-button-text\">Inscreva-se agora e eleve seu jogo dentro e fora das quadras!<\/span>\n\t\t\t\t\t<\/span>\n\t\t\t\t\t<\/a>\n\t\t\t\t<\/div>\n\t\t\t\t\t\t\t\t<\/div>\n\t\t\t\t<\/div>\n\t\t\t\t\t<\/div>\n\t\t<\/div>\n\t\t\t\t\t<\/div>\n\t\t<\/section>\n\t\t\t\t<\/div>\n\t\t","protected":false},"excerpt":{"rendered":"<p>Forma\u00e7\u00e3o de Excel\u00eancia em Treinamento de Futsal Transforme seu conhecimento em resultados e oportunidades reais no Futsal! Se voc\u00ea quer se destacar no mercado esportivo, ganhar dinheiro com o que &#8230;<\/p>\n","protected":false},"author":1,"featured_media":1301,"parent":0,"menu_order":0,"comment_status":"closed","ping_status":"closed","template":"","meta":{"content-type":"","_monsterinsights_skip_tracking":false,"_monsterinsights_sitenote_active":false,"_monsterinsights_sitenote_note":"","_monsterinsights_sitenote_category":0,"footnotes":""},"class_list":["post-36","page","type-page","status-publish","has-post-thumbnail","hentry"],"jetpack_sharing_enabled":true,"_links":{"self":[{"href":"https:\/\/fs21.com.br\/futsalseculo21\/wp-json\/wp\/v2\/pages\/36","targetHints":{"allow":["GET"]}}],"collection":[{"href":"https:\/\/fs21.com.br\/futsalseculo21\/wp-json\/wp\/v2\/pages"}],"about":[{"href":"https:\/\/fs21.com.br\/futsalseculo21\/wp-json\/wp\/v2\/types\/page"}],"author":[{"embeddable":true,"href":"https:\/\/fs21.com.br\/futsalseculo21\/wp-json\/wp\/v2\/users\/1"}],"replies":[{"embeddable":true,"href":"https:\/\/fs21.com.br\/futsalseculo21\/wp-json\/wp\/v2\/comments?post=36"}],"version-history":[{"count":12,"href":"https:\/\/fs21.com.br\/futsalseculo21\/wp-json\/wp\/v2\/pages\/36\/revisions"}],"predecessor-version":[{"id":1637,"href":"https:\/\/fs21.com.br\/futsalseculo21\/wp-json\/wp\/v2\/pages\/36\/revisions\/1637"}],"wp:featuredmedia":[{"embeddable":true,"href":"https:\/\/fs21.com.br\/futsalseculo21\/wp-json\/wp\/v2\/media\/1301"}],"wp:attachment":[{"href":"https:\/\/fs21.com.br\/futsalseculo21\/wp-json\/wp\/v2\/media?parent=36"}],"curies":[{"name":"wp","href":"https:\/\/api.w.org\/{rel}","templated":true}]}}