{"id":38,"date":"2020-07-30T01:04:14","date_gmt":"2020-07-30T01:04:14","guid":{"rendered":"https:\/\/fs21.com.br\/futsalseculo21\/?page_id=38"},"modified":"2024-12-29T23:13:29","modified_gmt":"2024-12-29T23:13:29","slug":"produtos","status":"publish","type":"page","link":"https:\/\/fs21.com.br\/futsalseculo21\/produtos\/","title":{"rendered":"Produtos"},"content":{"rendered":"\t\t<div data-elementor-type=\"wp-page\" data-elementor-id=\"38\" class=\"elementor elementor-38\">\n\t\t\t\t\t\t<section class=\"elementor-section elementor-top-section elementor-element elementor-element-d59f5cd elementor-section-boxed elementor-section-height-default elementor-section-height-default\" data-id=\"d59f5cd\" data-element_type=\"section\">\n\t\t\t\t\t\t<div class=\"elementor-container elementor-column-gap-default\">\n\t\t\t\t\t<div class=\"elementor-column elementor-col-100 elementor-top-column elementor-element elementor-element-79c5fea\" data-id=\"79c5fea\" data-element_type=\"column\">\n\t\t\t<div class=\"elementor-widget-wrap\">\n\t\t\t\t\t\t\t<\/div>\n\t\t<\/div>\n\t\t\t\t\t<\/div>\n\t\t<\/section>\n\t\t\t\t<section class=\"elementor-section elementor-top-section elementor-element elementor-element-f12a91c elementor-section-boxed elementor-section-height-default elementor-section-height-default\" data-id=\"f12a91c\" data-element_type=\"section\">\n\t\t\t\t\t\t<div class=\"elementor-container elementor-column-gap-default\">\n\t\t\t\t\t<div class=\"elementor-column elementor-col-100 elementor-top-column elementor-element elementor-element-aaa0708\" data-id=\"aaa0708\" data-element_type=\"column\">\n\t\t\t<div class=\"elementor-widget-wrap elementor-element-populated\">\n\t\t\t\t\t\t<div class=\"elementor-element elementor-element-c295233 elementor-widget elementor-widget-heading\" data-id=\"c295233\" data-element_type=\"widget\" data-widget_type=\"heading.default\">\n\t\t\t\t<div class=\"elementor-widget-container\">\n\t\t\t\t\t<h2 class=\"elementor-heading-title elementor-size-default\">LOJA DE FUTSAL<\/h2>\t\t\t\t<\/div>\n\t\t\t\t<\/div>\n\t\t\t\t<div class=\"elementor-element elementor-element-5901da6 elementor-widget elementor-widget-text-editor\" data-id=\"5901da6\" data-element_type=\"widget\" data-widget_type=\"text-editor.default\">\n\t\t\t\t<div class=\"elementor-widget-container\">\n\t\t\t\t\t\t\t\t\t<p>A FS21 agora \u00e9 uma Loja Parceira da Amazon! Com essa nova parceria, voc\u00ea pode adquirir produtos de diversas marcas voltados exclusivamente para a pr\u00e1tica do Futsal. Pensando em oferecer o melhor custo-benef\u00edcio, a FS21 realizou uma pesquisa detalhada para selecionar os melhores produtos para todos os apaixonados por Futsal. Confira o resultado clicando nas imagens e links abaixo!<\/p>\t\t\t\t\t\t\t\t<\/div>\n\t\t\t\t<\/div>\n\t\t\t\t<div class=\"elementor-element elementor-element-fca2ce1 elementor-widget elementor-widget-image\" data-id=\"fca2ce1\" data-element_type=\"widget\" data-widget_type=\"image.default\">\n\t\t\t\t<div class=\"elementor-widget-container\">\n\t\t\t\t\t\t\t\t\t\t\t\t\t\t\t<img fetchpriority=\"high\" decoding=\"async\" width=\"331\" height=\"152\" src=\"https:\/\/fs21.com.br\/futsalseculo21\/wp-content\/uploads\/2024\/12\/amazon.jpeg\" class=\"attachment-large size-large wp-image-1508\" alt=\"\" srcset=\"https:\/\/fs21.com.br\/futsalseculo21\/wp-content\/uploads\/2024\/12\/amazon.jpeg 331w, https:\/\/fs21.com.br\/futsalseculo21\/wp-content\/uploads\/2024\/12\/amazon-300x138.jpeg 300w\" sizes=\"(max-width: 331px) 100vw, 331px\" \/>\t\t\t\t\t\t\t\t\t\t\t\t\t\t\t<\/div>\n\t\t\t\t<\/div>\n\t\t\t\t\t<\/div>\n\t\t<\/div>\n\t\t\t\t\t<\/div>\n\t\t<\/section>\n\t\t\t\t<section class=\"elementor-section elementor-top-section elementor-element elementor-element-67b2a60 elementor-section-boxed elementor-section-height-default elementor-section-height-default\" data-id=\"67b2a60\" data-element_type=\"section\">\n\t\t\t\t\t\t<div class=\"elementor-container elementor-column-gap-default\">\n\t\t\t\t\t<div class=\"elementor-column elementor-col-33 elementor-top-column elementor-element elementor-element-0ef7a30\" data-id=\"0ef7a30\" data-element_type=\"column\">\n\t\t\t<div class=\"elementor-widget-wrap elementor-element-populated\">\n\t\t\t\t\t\t<div class=\"elementor-element elementor-element-d05b58b elementor-widget elementor-widget-image\" data-id=\"d05b58b\" data-element_type=\"widget\" data-widget_type=\"image.default\">\n\t\t\t\t<div class=\"elementor-widget-container\">\n\t\t\t\t\t\t\t\t\t\t\t\t\t\t\t\t<a href=\"https:\/\/amzn.to\/4gzjruL\" target=\"_blank\">\n\t\t\t\t\t\t\t<img decoding=\"async\" width=\"300\" height=\"168\" src=\"https:\/\/fs21.com.br\/futsalseculo21\/wp-content\/uploads\/2024\/12\/penaltymax1000.jpeg\" class=\"attachment-large size-large wp-image-1498\" alt=\"\" \/>\t\t\t\t\t\t\t\t<\/a>\n\t\t\t\t\t\t\t\t\t\t\t\t\t\t\t<\/div>\n\t\t\t\t<\/div>\n\t\t\t\t\t<\/div>\n\t\t<\/div>\n\t\t\t\t<div class=\"elementor-column elementor-col-66 elementor-top-column elementor-element elementor-element-81301bd\" data-id=\"81301bd\" data-element_type=\"column\" data-settings=\"{&quot;background_background&quot;:&quot;gradient&quot;}\">\n\t\t\t<div class=\"elementor-widget-wrap elementor-element-populated\">\n\t\t\t\t\t\t<div class=\"elementor-element elementor-element-add5516 elementor-widget elementor-widget-text-editor\" data-id=\"add5516\" data-element_type=\"widget\" data-widget_type=\"text-editor.default\">\n\t\t\t\t<div class=\"elementor-widget-container\">\n\t\t\t\t\t\t\t\t\t<p><span style=\"font-weight: 400;\">A pr\u00e1tica do futsal exige um t\u00eanis com caracter\u00edsticas que facilite a execu\u00e7\u00e3o das jogadas durante os treinos e jogos. A escolha de um modelo ideal para jogar futsal, aumentam as chances de aproveitamento nas jogadas de alta intensidade. Pensando nessa situa\u00e7\u00e3o, resolvemos ajudar na escolha de um t\u00eanis ideal, seguro e confort\u00e1vel para jogar futsal. <\/span><\/p><p><strong><span style=\"color: #3366ff;\"><a style=\"color: #3366ff;\" href=\"https:\/\/amzn.to\/4gzjruL\" target=\"_blank\" rel=\"noopener\"><span style=\"color: #6ec1e4;\">Clique aqui para conhecer os modelos dispon\u00edveis!<\/span><\/a><\/span><\/strong><\/p>\t\t\t\t\t\t\t\t<\/div>\n\t\t\t\t<\/div>\n\t\t\t\t\t<\/div>\n\t\t<\/div>\n\t\t\t\t\t<\/div>\n\t\t<\/section>\n\t\t\t\t<section class=\"elementor-section elementor-top-section elementor-element elementor-element-513af3e elementor-section-boxed elementor-section-height-default elementor-section-height-default\" data-id=\"513af3e\" data-element_type=\"section\">\n\t\t\t\t\t\t<div class=\"elementor-container elementor-column-gap-default\">\n\t\t\t\t\t<div class=\"elementor-column elementor-col-33 elementor-top-column elementor-element elementor-element-1583e2e\" data-id=\"1583e2e\" data-element_type=\"column\">\n\t\t\t<div class=\"elementor-widget-wrap elementor-element-populated\">\n\t\t\t\t\t\t<div class=\"elementor-element elementor-element-5ff9852 elementor-widget elementor-widget-image\" data-id=\"5ff9852\" data-element_type=\"widget\" data-widget_type=\"image.default\">\n\t\t\t\t<div class=\"elementor-widget-container\">\n\t\t\t\t\t\t\t\t\t\t\t\t\t\t\t\t<a href=\"https:\/\/amzn.to\/3ZYw2R6\" target=\"_blank\">\n\t\t\t\t\t\t\t<img decoding=\"async\" width=\"352\" height=\"352\" src=\"https:\/\/fs21.com.br\/futsalseculo21\/wp-content\/uploads\/2020\/08\/eaed4d4b9ca2e4fbb702f91357dec520.jpg\" class=\"attachment-large size-large wp-image-151\" alt=\"\" srcset=\"https:\/\/fs21.com.br\/futsalseculo21\/wp-content\/uploads\/2020\/08\/eaed4d4b9ca2e4fbb702f91357dec520.jpg 352w, https:\/\/fs21.com.br\/futsalseculo21\/wp-content\/uploads\/2020\/08\/eaed4d4b9ca2e4fbb702f91357dec520-300x300.jpg 300w, https:\/\/fs21.com.br\/futsalseculo21\/wp-content\/uploads\/2020\/08\/eaed4d4b9ca2e4fbb702f91357dec520-150x150.jpg 150w\" sizes=\"(max-width: 352px) 100vw, 352px\" \/>\t\t\t\t\t\t\t\t<\/a>\n\t\t\t\t\t\t\t\t\t\t\t\t\t\t\t<\/div>\n\t\t\t\t<\/div>\n\t\t\t\t\t<\/div>\n\t\t<\/div>\n\t\t\t\t<div class=\"elementor-column elementor-col-66 elementor-top-column elementor-element elementor-element-d90afd3\" data-id=\"d90afd3\" data-element_type=\"column\" data-settings=\"{&quot;background_background&quot;:&quot;gradient&quot;}\">\n\t\t\t<div class=\"elementor-widget-wrap elementor-element-populated\">\n\t\t\t\t\t\t<div class=\"elementor-element elementor-element-3559af1 elementor-widget elementor-widget-text-editor\" data-id=\"3559af1\" data-element_type=\"widget\" data-widget_type=\"text-editor.default\">\n\t\t\t\t<div class=\"elementor-widget-container\">\n\t\t\t\t\t\t\t\t\t<p><span style=\"font-weight: 400;\">Se voc\u00ea j\u00e1 entrou em uma quadra para jogar Futsal, sabe da import\u00e2ncia da bola na qualidade do jogo. E quando o assunto \u00e9 Bola de Futsal, a Penalty sempre se destacou. A empresa tem diversos modelos de bolas voltadas para o Futsal, come\u00e7ando por inicia\u00e7\u00e3o, passando por lazer at\u00e9 chegar no futsal profissional, fornecendo bola para muitas ligas ao redor do mundo. Por isso decidimos colocar apenas bolas da Penalty na Loja.\u00a0<\/span><\/p><p><strong style=\"color: #71c2e4; background-color: transparent;\"><a style=\"color: #71c2e4;\" href=\"https:\/\/amzn.to\/3ZYw2R6\" target=\"_blank\" rel=\"noopener\">Clique aqui para conhecer os modelos da Penalt<\/a>y<\/strong><\/p>\t\t\t\t\t\t\t\t<\/div>\n\t\t\t\t<\/div>\n\t\t\t\t\t<\/div>\n\t\t<\/div>\n\t\t\t\t\t<\/div>\n\t\t<\/section>\n\t\t\t\t<section class=\"elementor-section elementor-top-section elementor-element elementor-element-3e02cbb elementor-section-boxed elementor-section-height-default elementor-section-height-default\" data-id=\"3e02cbb\" data-element_type=\"section\">\n\t\t\t\t\t\t<div class=\"elementor-container elementor-column-gap-default\">\n\t\t\t\t\t<div class=\"elementor-column elementor-col-33 elementor-top-column elementor-element elementor-element-c27c331\" data-id=\"c27c331\" data-element_type=\"column\">\n\t\t\t<div class=\"elementor-widget-wrap elementor-element-populated\">\n\t\t\t\t\t\t<div class=\"elementor-element elementor-element-fa77ad4 elementor-widget elementor-widget-image\" data-id=\"fa77ad4\" data-element_type=\"widget\" data-widget_type=\"image.default\">\n\t\t\t\t<div class=\"elementor-widget-container\">\n\t\t\t\t\t\t\t\t\t\t\t\t\t\t\t\t<a href=\"https:\/\/amzn.to\/4fFG9A6\" target=\"_blank\">\n\t\t\t\t\t\t\t<img decoding=\"async\" src=\"https:\/\/fs21.com.br\/futsalseculo21\/wp-content\/uploads\/2020\/08\/a6c6756f49db3f5e41122c4e0b4402a4.jpg\" title=\"a6c6756f49db3f5e41122c4e0b4402a4\" alt=\"a6c6756f49db3f5e41122c4e0b4402a4\" loading=\"lazy\" \/>\t\t\t\t\t\t\t\t<\/a>\n\t\t\t\t\t\t\t\t\t\t\t\t\t\t\t<\/div>\n\t\t\t\t<\/div>\n\t\t\t\t\t<\/div>\n\t\t<\/div>\n\t\t\t\t<div class=\"elementor-column elementor-col-66 elementor-top-column elementor-element elementor-element-9a406ec\" data-id=\"9a406ec\" data-element_type=\"column\" data-settings=\"{&quot;background_background&quot;:&quot;gradient&quot;}\">\n\t\t\t<div class=\"elementor-widget-wrap elementor-element-populated\">\n\t\t\t\t\t\t<div class=\"elementor-element elementor-element-b52759a elementor-widget elementor-widget-text-editor\" data-id=\"b52759a\" data-element_type=\"widget\" data-widget_type=\"text-editor.default\">\n\t\t\t\t<div class=\"elementor-widget-container\">\n\t\t\t\t\t\t\t\t\t<p>As luvas para os goleiros de Futsal s\u00e3o para evitar desconfortos, les\u00f5es e acidentes. S\u00e3o mais leves, confort\u00e1veis e com grande poder de ader\u00eancia. Al\u00e9m das luvas, voc\u00ea pode encontrar outros acess\u00f3rios importantes para garantir uma performance com conforto e principalmente seguran\u00e7a.<\/p><p><strong style=\"color: #71c2e4; background-color: transparent;\"><a style=\"color: #71c2e4;\" href=\"https:\/\/amzn.to\/4fFG9A6\" target=\"_blank\" rel=\"noopener\">Clique aqui para comprar os produtos para Goleiros!<\/a><\/strong><\/p>\t\t\t\t\t\t\t\t<\/div>\n\t\t\t\t<\/div>\n\t\t\t\t\t<\/div>\n\t\t<\/div>\n\t\t\t\t\t<\/div>\n\t\t<\/section>\n\t\t\t\t<section class=\"elementor-section elementor-top-section elementor-element elementor-element-c6b9dd2 elementor-section-boxed elementor-section-height-default elementor-section-height-default\" data-id=\"c6b9dd2\" data-element_type=\"section\">\n\t\t\t\t\t\t<div class=\"elementor-container elementor-column-gap-default\">\n\t\t\t\t\t<div class=\"elementor-column elementor-col-33 elementor-top-column elementor-element elementor-element-7b74eae\" data-id=\"7b74eae\" data-element_type=\"column\">\n\t\t\t<div class=\"elementor-widget-wrap elementor-element-populated\">\n\t\t\t\t\t\t<div class=\"elementor-element elementor-element-f0150eb elementor-widget elementor-widget-image\" data-id=\"f0150eb\" data-element_type=\"widget\" data-widget_type=\"image.default\">\n\t\t\t\t<div class=\"elementor-widget-container\">\n\t\t\t\t\t\t\t\t\t\t\t\t\t\t\t\t<a href=\"https:\/\/amzn.to\/3DtK8Cf\" target=\"_blank\">\n\t\t\t\t\t\t\t<img loading=\"lazy\" decoding=\"async\" width=\"352\" height=\"352\" src=\"https:\/\/fs21.com.br\/futsalseculo21\/wp-content\/uploads\/2020\/08\/d40b50ef6ac169fc394691b37b55b781.jpg\" class=\"attachment-medium_large size-medium_large wp-image-150\" alt=\"\" srcset=\"https:\/\/fs21.com.br\/futsalseculo21\/wp-content\/uploads\/2020\/08\/d40b50ef6ac169fc394691b37b55b781.jpg 352w, https:\/\/fs21.com.br\/futsalseculo21\/wp-content\/uploads\/2020\/08\/d40b50ef6ac169fc394691b37b55b781-300x300.jpg 300w, https:\/\/fs21.com.br\/futsalseculo21\/wp-content\/uploads\/2020\/08\/d40b50ef6ac169fc394691b37b55b781-150x150.jpg 150w\" sizes=\"(max-width: 352px) 100vw, 352px\" \/>\t\t\t\t\t\t\t\t<\/a>\n\t\t\t\t\t\t\t\t\t\t\t\t\t\t\t<\/div>\n\t\t\t\t<\/div>\n\t\t\t\t\t<\/div>\n\t\t<\/div>\n\t\t\t\t<div class=\"elementor-column elementor-col-66 elementor-top-column elementor-element elementor-element-d56f0cd\" data-id=\"d56f0cd\" data-element_type=\"column\" data-settings=\"{&quot;background_background&quot;:&quot;gradient&quot;}\">\n\t\t\t<div class=\"elementor-widget-wrap elementor-element-populated\">\n\t\t\t\t\t\t<div class=\"elementor-element elementor-element-8f203fc elementor-widget elementor-widget-text-editor\" data-id=\"8f203fc\" data-element_type=\"widget\" data-widget_type=\"text-editor.default\">\n\t\t\t\t<div class=\"elementor-widget-container\">\n\t\t\t\t\t\t\t\t\t<p><span style=\"font-weight: 400;\">Os equipamentos e acess\u00f3rios de prote\u00e7\u00e3o tem um forte fator de preven\u00e7\u00e3o no Futsal, evitando les\u00f5es e infec\u00e7\u00f5es, prolongando a vida \u00fatil do atleta. Por isso, prefira estar seguro em quadra, analisando n\u00e3o apenas a est\u00e9tica, mas principalmente o grau de prote\u00e7\u00e3o que \u00e9 oferecido. Entre conforto e seguran\u00e7a, fique com a segunda op\u00e7\u00e3o.\u00a0<\/span><\/p><p><span style=\"color: #79c5e5;\"><strong><a style=\"color: #79c5e5;\" href=\"https:\/\/amzn.to\/3DtK8Cf\" target=\"_blank\" rel=\"noopener\">Clique aqui para garantir sua prote\u00e7\u00e3o no Futsal<\/a><\/strong><\/span><\/p>\t\t\t\t\t\t\t\t<\/div>\n\t\t\t\t<\/div>\n\t\t\t\t\t<\/div>\n\t\t<\/div>\n\t\t\t\t\t<\/div>\n\t\t<\/section>\n\t\t\t\t<section class=\"elementor-section elementor-top-section elementor-element elementor-element-097b146 elementor-section-boxed elementor-section-height-default elementor-section-height-default\" data-id=\"097b146\" data-element_type=\"section\">\n\t\t\t\t\t\t<div class=\"elementor-container elementor-column-gap-default\">\n\t\t\t\t\t<div class=\"elementor-column elementor-col-33 elementor-top-column elementor-element elementor-element-f2ae9e4\" data-id=\"f2ae9e4\" data-element_type=\"column\" data-settings=\"{&quot;background_background&quot;:&quot;classic&quot;}\">\n\t\t\t<div class=\"elementor-widget-wrap elementor-element-populated\">\n\t\t\t\t\t\t<div class=\"elementor-element elementor-element-fc33de5 elementor-widget elementor-widget-image\" data-id=\"fc33de5\" data-element_type=\"widget\" data-widget_type=\"image.default\">\n\t\t\t\t<div class=\"elementor-widget-container\">\n\t\t\t\t\t\t\t\t\t\t\t\t\t\t\t\t<a href=\"https:\/\/amzn.to\/3DE7y8k\" target=\"_blank\">\n\t\t\t\t\t\t\t<img loading=\"lazy\" decoding=\"async\" width=\"348\" height=\"470\" src=\"https:\/\/fs21.com.br\/futsalseculo21\/wp-content\/uploads\/2020\/08\/45919e0d33a3c11bd1479164e9bd2340.jpg\" class=\"attachment-large size-large wp-image-147\" alt=\"\" srcset=\"https:\/\/fs21.com.br\/futsalseculo21\/wp-content\/uploads\/2020\/08\/45919e0d33a3c11bd1479164e9bd2340.jpg 348w, https:\/\/fs21.com.br\/futsalseculo21\/wp-content\/uploads\/2020\/08\/45919e0d33a3c11bd1479164e9bd2340-222x300.jpg 222w\" sizes=\"(max-width: 348px) 100vw, 348px\" \/>\t\t\t\t\t\t\t\t<\/a>\n\t\t\t\t\t\t\t\t\t\t\t\t\t\t\t<\/div>\n\t\t\t\t<\/div>\n\t\t\t\t\t<\/div>\n\t\t<\/div>\n\t\t\t\t<div class=\"elementor-column elementor-col-66 elementor-top-column elementor-element elementor-element-238341b\" data-id=\"238341b\" data-element_type=\"column\" data-settings=\"{&quot;background_background&quot;:&quot;gradient&quot;}\">\n\t\t\t<div class=\"elementor-widget-wrap elementor-element-populated\">\n\t\t\t\t\t\t<div class=\"elementor-element elementor-element-3cf5d7c elementor-widget elementor-widget-text-editor\" data-id=\"3cf5d7c\" data-element_type=\"widget\" data-widget_type=\"text-editor.default\">\n\t\t\t\t<div class=\"elementor-widget-container\">\n\t\t\t\t\t\t\t\t\t<p>\u00a0<\/p><p>Aqui, voc\u00ea treinador, pode encontrar tudo que \u00e9 necess\u00e1rio para o trabalho em treinos e jogos. Acess\u00f3rios para prepara\u00e7\u00e3o f\u00edsica, pranchetas para orienta\u00e7\u00f5es t\u00e1ticas e outros produtos que n\u00e3o podem faltar na rotina profissionais foram selecionados e est\u00e3o dispon\u00edveis em uma sess\u00e3o exclusiva para quem tem a miss\u00e3o de comandar os atletas dentro de quadra!\u00a0<\/p><p><strong><span style=\"color: #7bc5e5;\"><a style=\"color: #7bc5e5;\" href=\"https:\/\/amzn.to\/3DE7y8k\" target=\"_blank\" rel=\"noopener\">Clique aqui ver a Loja para os treinadores de Futsal!<\/a><\/span><\/strong><\/p>\t\t\t\t\t\t\t\t<\/div>\n\t\t\t\t<\/div>\n\t\t\t\t\t<\/div>\n\t\t<\/div>\n\t\t\t\t\t<\/div>\n\t\t<\/section>\n\t\t\t\t<\/div>\n\t\t","protected":false},"excerpt":{"rendered":"<p>LOJA DE FUTSAL A FS21 agora \u00e9 uma Loja Parceira da Amazon! Com essa nova parceria, voc\u00ea pode adquirir produtos de diversas marcas voltados exclusivamente para a pr\u00e1tica do Futsal. &#8230;<\/p>\n","protected":false},"author":1,"featured_media":0,"parent":0,"menu_order":0,"comment_status":"closed","ping_status":"closed","template":"elementor_header_footer","meta":{"content-type":"","_monsterinsights_skip_tracking":false,"_monsterinsights_sitenote_active":false,"_monsterinsights_sitenote_note":"","_monsterinsights_sitenote_category":0,"footnotes":""},"class_list":["post-38","page","type-page","status-publish","hentry"],"jetpack_sharing_enabled":true,"_links":{"self":[{"href":"https:\/\/fs21.com.br\/futsalseculo21\/wp-json\/wp\/v2\/pages\/38","targetHints":{"allow":["GET"]}}],"collection":[{"href":"https:\/\/fs21.com.br\/futsalseculo21\/wp-json\/wp\/v2\/pages"}],"about":[{"href":"https:\/\/fs21.com.br\/futsalseculo21\/wp-json\/wp\/v2\/types\/page"}],"author":[{"embeddable":true,"href":"https:\/\/fs21.com.br\/futsalseculo21\/wp-json\/wp\/v2\/users\/1"}],"replies":[{"embeddable":true,"href":"https:\/\/fs21.com.br\/futsalseculo21\/wp-json\/wp\/v2\/comments?post=38"}],"version-history":[{"count":44,"href":"https:\/\/fs21.com.br\/futsalseculo21\/wp-json\/wp\/v2\/pages\/38\/revisions"}],"predecessor-version":[{"id":1638,"href":"https:\/\/fs21.com.br\/futsalseculo21\/wp-json\/wp\/v2\/pages\/38\/revisions\/1638"}],"wp:attachment":[{"href":"https:\/\/fs21.com.br\/futsalseculo21\/wp-json\/wp\/v2\/media?parent=38"}],"curies":[{"name":"wp","href":"https:\/\/api.w.org\/{rel}","templated":true}]}}