{"id":13,"date":"2020-07-22T04:15:53","date_gmt":"2020-07-22T04:15:53","guid":{"rendered":"https:\/\/fs21.com.br\/studiofs21\/?page_id=13"},"modified":"2020-08-07T17:31:25","modified_gmt":"2020-08-07T17:31:25","slug":"servicos","status":"publish","type":"page","link":"https:\/\/fs21.com.br\/studiofs21\/servicos\/","title":{"rendered":"Servi\u00e7os"},"content":{"rendered":"\n<h2 class=\"has-vivid-cyan-blue-color has-text-color wp-block-heading\">Servi\u00e7os<\/h2>\n\n\n\n<div style=\"height:20px\" aria-hidden=\"true\" class=\"wp-block-spacer\"><\/div>\n\n\n\n<h3 class=\"wp-block-heading\">TREINO INDIVIDUAL<\/h3>\n\n\n\n<p class=\"has-text-color has-medium-font-size has-very-dark-gray-color\">Servi\u00e7o destinado para quem deseja EMAGRECER, aumentar a MASSA MUSCULAR e melhorar o CONDICIONAMENTO F\u00cdSICO atrav\u00e9s de atendimento exclusivo e diferenciado.<\/p>\n\n\n\n<p class=\"has-text-color has-medium-font-size has-very-dark-gray-color\">Os treinos tamb\u00e9m podem ser realizados em duplas, e pequenos grupos de tr\u00eas ou quatro alunos em um mesmo hor\u00e1rio.&nbsp;<\/p>\n\n\n\n<p class=\"has-text-color has-medium-font-size has-very-dark-gray-color\">O Studio FS21 oferece planos para treinos em dois, tr\u00eas ou cinco dias na semana.<\/p>\n\n\n\n<p class=\"has-text-color has-medium-font-size has-very-dark-gray-color\"><strong>Confira abaixo os benef\u00edcios de cada plano:<\/strong><\/p>\n\n\n\n<div class=\"wp-block-columns is-layout-flex wp-container-core-columns-is-layout-9d6595d7 wp-block-columns-is-layout-flex\">\n<div class=\"wp-block-column is-layout-flow wp-block-column-is-layout-flow\">\n<figure class=\"wp-block-image size-large\"><a href=\"https:\/\/api.whatsapp.com\/send?phone=5519994700116\" target=\"_blank\" rel=\"noopener noreferrer\"><img fetchpriority=\"high\" decoding=\"async\" width=\"940\" height=\"788\" src=\"https:\/\/fs21.com.br\/studiofs21\/wp-content\/uploads\/2020\/08\/Plano22-treinos-por-semana-2.png\" alt=\"\" class=\"wp-image-202\" srcset=\"https:\/\/fs21.com.br\/studiofs21\/wp-content\/uploads\/2020\/08\/Plano22-treinos-por-semana-2.png 940w, https:\/\/fs21.com.br\/studiofs21\/wp-content\/uploads\/2020\/08\/Plano22-treinos-por-semana-2-300x251.png 300w, https:\/\/fs21.com.br\/studiofs21\/wp-content\/uploads\/2020\/08\/Plano22-treinos-por-semana-2-768x644.png 768w\" sizes=\"(max-width: 940px) 100vw, 940px\" \/><\/a><\/figure>\n\n\n\n<p><\/p>\n<\/div>\n\n\n\n<div class=\"wp-block-column is-layout-flow wp-block-column-is-layout-flow\">\n<figure class=\"wp-block-image size-large\"><a href=\"https:\/\/api.whatsapp.com\/send?phone=5519994700116\" target=\"_blank\" rel=\"noopener noreferrer\"><img decoding=\"async\" width=\"940\" height=\"788\" src=\"https:\/\/fs21.com.br\/studiofs21\/wp-content\/uploads\/2020\/08\/Plano5x-1-1.png\" alt=\"\" class=\"wp-image-203\" srcset=\"https:\/\/fs21.com.br\/studiofs21\/wp-content\/uploads\/2020\/08\/Plano5x-1-1.png 940w, https:\/\/fs21.com.br\/studiofs21\/wp-content\/uploads\/2020\/08\/Plano5x-1-1-300x251.png 300w, https:\/\/fs21.com.br\/studiofs21\/wp-content\/uploads\/2020\/08\/Plano5x-1-1-768x644.png 768w\" sizes=\"(max-width: 940px) 100vw, 940px\" \/><\/a><\/figure>\n\n\n\n<p><\/p>\n<\/div>\n\n\n\n<div class=\"wp-block-column is-layout-flow wp-block-column-is-layout-flow\">\n<figure class=\"wp-block-image size-large\"><a href=\"https:\/\/api.whatsapp.com\/send?phone=5519994700116\" target=\"_blank\" rel=\"noopener noreferrer\"><img decoding=\"async\" width=\"940\" height=\"788\" src=\"https:\/\/fs21.com.br\/studiofs21\/wp-content\/uploads\/2020\/08\/Plano5x-2.png\" alt=\"\" class=\"wp-image-204\" srcset=\"https:\/\/fs21.com.br\/studiofs21\/wp-content\/uploads\/2020\/08\/Plano5x-2.png 940w, https:\/\/fs21.com.br\/studiofs21\/wp-content\/uploads\/2020\/08\/Plano5x-2-300x251.png 300w, https:\/\/fs21.com.br\/studiofs21\/wp-content\/uploads\/2020\/08\/Plano5x-2-768x644.png 768w\" sizes=\"(max-width: 940px) 100vw, 940px\" \/><\/a><\/figure>\n\n\n\n<p><\/p>\n<\/div>\n<\/div>\n\n\n\n<p><\/p>\n","protected":false},"excerpt":{"rendered":"<p>Servi\u00e7os TREINO INDIVIDUAL Servi\u00e7o destinado para quem deseja EMAGRECER, aumentar a MASSA MUSCULAR e melhorar o CONDICIONAMENTO F\u00cdSICO atrav\u00e9s de atendimento exclusivo e diferenciado. Os treinos tamb\u00e9m podem ser realizados &#8230;<\/p>\n","protected":false},"author":1,"featured_media":0,"parent":0,"menu_order":0,"comment_status":"closed","ping_status":"closed","template":"","meta":{"_monsterinsights_skip_tracking":false,"_monsterinsights_sitenote_active":false,"_monsterinsights_sitenote_note":"","_monsterinsights_sitenote_category":0,"footnotes":""},"class_list":["post-13","page","type-page","status-publish","hentry"],"_links":{"self":[{"href":"https:\/\/fs21.com.br\/studiofs21\/wp-json\/wp\/v2\/pages\/13","targetHints":{"allow":["GET"]}}],"collection":[{"href":"https:\/\/fs21.com.br\/studiofs21\/wp-json\/wp\/v2\/pages"}],"about":[{"href":"https:\/\/fs21.com.br\/studiofs21\/wp-json\/wp\/v2\/types\/page"}],"author":[{"embeddable":true,"href":"https:\/\/fs21.com.br\/studiofs21\/wp-json\/wp\/v2\/users\/1"}],"replies":[{"embeddable":true,"href":"https:\/\/fs21.com.br\/studiofs21\/wp-json\/wp\/v2\/comments?post=13"}],"version-history":[{"count":4,"href":"https:\/\/fs21.com.br\/studiofs21\/wp-json\/wp\/v2\/pages\/13\/revisions"}],"predecessor-version":[{"id":205,"href":"https:\/\/fs21.com.br\/studiofs21\/wp-json\/wp\/v2\/pages\/13\/revisions\/205"}],"wp:attachment":[{"href":"https:\/\/fs21.com.br\/studiofs21\/wp-json\/wp\/v2\/media?parent=13"}],"curies":[{"name":"wp","href":"https:\/\/api.w.org\/{rel}","templated":true}]}}