{"id":14,"date":"2020-07-22T04:15:53","date_gmt":"2020-07-22T04:15:53","guid":{"rendered":"https:\/\/fs21.com.br\/studiofs21\/?page_id=14"},"modified":"2020-08-06T23:59:41","modified_gmt":"2020-08-06T23:59:41","slug":"localizacao","status":"publish","type":"page","link":"https:\/\/fs21.com.br\/studiofs21\/localizacao\/","title":{"rendered":"Localiza\u00e7\u00e3o"},"content":{"rendered":"\n<h2 class=\"has-vivid-cyan-blue-color has-text-color wp-block-heading\">Localiza\u00e7\u00e3o<\/h2>\n\n\n\n<div style=\"height:20px\" aria-hidden=\"true\" class=\"wp-block-spacer\"><\/div>\n\n\n\n<div style=\"height:20px\" aria-hidden=\"true\" class=\"wp-block-spacer\"><\/div>\n\n\n\n<p class=\"has-text-color has-drop-cap has-medium-font-size has-very-dark-gray-color\">O Studio FS21 Personal Trainer est\u00e1 estrategicamente localizado no Bairro S\u00e3o Domingos, na cidade de Americana (140km de S\u00e3o Paulo).<\/p>\n\n\n\n<div style=\"height:20px\" aria-hidden=\"true\" class=\"wp-block-spacer\"><\/div>\n\n\n\n<p class=\"has-text-color has-medium-font-size has-very-dark-gray-color\">A regi\u00e3o pode ser considerada uma das melhores da cidade em rela\u00e7\u00e3o a qualidade de vida e outras quest\u00f5es importantes como sa\u00fade e seguran\u00e7a.<\/p>\n\n\n\n<p class=\"has-text-color has-medium-font-size has-very-dark-gray-color\">O espa\u00e7o faz parte de um conjunto de estabelecimentos comerciais instalados em uma galeria no tradicional edifico Esplanada, que garante conta com toda a infra-estrutura necess\u00e1rio para um atendimento diferenciado.&nbsp;<\/p>\n\n\n\n<p class=\"has-text-color has-medium-font-size has-very-dark-gray-color\">Al\u00e9m disso, o f\u00e1cil acesso por diversas avenidas, permite que clientes de todas as partes da cidade e at\u00e9 da regi\u00e3o frequentem os treinos.<\/p>\n\n\n\n<div style=\"height:20px\" aria-hidden=\"true\" class=\"wp-block-spacer\"><\/div>\n\n\n\n<h2 class=\"has-very-dark-gray-color has-text-color wp-block-heading\">Endere\u00e7o<\/h2>\n\n\n\n<div style=\"height:20px\" aria-hidden=\"true\" class=\"wp-block-spacer\"><\/div>\n\n\n\n<p style=\"font-size:18px\" class=\"has-text-color has-very-dark-gray-color\">Rua Benedito Correia, 28, Jardim S\u00e3o Domingos, CEP: 13450-171, Americana-SP<\/p>\n\n\n\n<div style=\"height:20px\" aria-hidden=\"true\" class=\"wp-block-spacer\"><\/div>\n\n\n\n<iframe src=\"https:\/\/www.google.com\/maps\/embed?pb=!1m18!1m12!1m3!1d3679.8979621750327!2d-47.34288768503748!3d-22.732033685100944!2m3!1f0!2f0!3f0!3m2!1i1024!2i768!4f13.1!3m3!1m2!1s0x94c89bb78534025d%3A0x51d2296f82e02330!2sR.%20Benedito%20Corr%C3%AAa%2C%2028%20-%20Jardim%20Sao%20Domingos%2C%20Americana%20-%20SP%2C%2013471-150!5e0!3m2!1spt-BR!2sbr!4v1596758315885!5m2!1spt-BR!2sbr\" width=\"600\" height=\"450\" frameborder=\"0\" style=\"border:0;\" allowfullscreen=\"\" aria-hidden=\"false\" tabindex=\"0\"><\/iframe>\n","protected":false},"excerpt":{"rendered":"<p>Localiza\u00e7\u00e3o O Studio FS21 Personal Trainer est\u00e1 estrategicamente localizado no Bairro S\u00e3o Domingos, na cidade de Americana (140km de S\u00e3o Paulo). A regi\u00e3o pode ser considerada uma das melhores da &#8230;<\/p>\n","protected":false},"author":1,"featured_media":0,"parent":0,"menu_order":0,"comment_status":"open","ping_status":"closed","template":"","meta":{"_monsterinsights_skip_tracking":false,"_monsterinsights_sitenote_active":false,"_monsterinsights_sitenote_note":"","_monsterinsights_sitenote_category":0,"footnotes":""},"class_list":["post-14","page","type-page","status-publish","hentry"],"_links":{"self":[{"href":"https:\/\/fs21.com.br\/studiofs21\/wp-json\/wp\/v2\/pages\/14","targetHints":{"allow":["GET"]}}],"collection":[{"href":"https:\/\/fs21.com.br\/studiofs21\/wp-json\/wp\/v2\/pages"}],"about":[{"href":"https:\/\/fs21.com.br\/studiofs21\/wp-json\/wp\/v2\/types\/page"}],"author":[{"embeddable":true,"href":"https:\/\/fs21.com.br\/studiofs21\/wp-json\/wp\/v2\/users\/1"}],"replies":[{"embeddable":true,"href":"https:\/\/fs21.com.br\/studiofs21\/wp-json\/wp\/v2\/comments?post=14"}],"version-history":[{"count":5,"href":"https:\/\/fs21.com.br\/studiofs21\/wp-json\/wp\/v2\/pages\/14\/revisions"}],"predecessor-version":[{"id":174,"href":"https:\/\/fs21.com.br\/studiofs21\/wp-json\/wp\/v2\/pages\/14\/revisions\/174"}],"wp:attachment":[{"href":"https:\/\/fs21.com.br\/studiofs21\/wp-json\/wp\/v2\/media?parent=14"}],"curies":[{"name":"wp","href":"https:\/\/api.w.org\/{rel}","templated":true}]}}